{"id":2223,"date":"2021-02-07T18:11:45","date_gmt":"2021-02-07T17:11:45","guid":{"rendered":"http:\/\/gluecksmomente-teilen.ch\/?page_id=2223"},"modified":"2023-10-16T13:53:23","modified_gmt":"2023-10-16T12:53:23","slug":"impressum","status":"publish","type":"page","link":"https:\/\/gluecksmomente-teilen.ch\/?page_id=2223","title":{"rendered":"Impressum"},"content":{"rendered":"\t\t<div data-elementor-type=\"wp-page\" data-elementor-id=\"2223\" class=\"elementor elementor-2223\">\n\t\t\t\t\t\t<section class=\"elementor-section elementor-top-section elementor-element elementor-element-188f94b7 elementor-section-boxed elementor-section-height-default elementor-section-height-default\" data-id=\"188f94b7\" data-element_type=\"section\" data-e-type=\"section\">\n\t\t\t\t\t\t<div class=\"elementor-container elementor-column-gap-default\">\n\t\t\t\t\t<div class=\"elementor-column elementor-col-100 elementor-top-column elementor-element elementor-element-3d49738a\" data-id=\"3d49738a\" data-element_type=\"column\" data-e-type=\"column\">\n\t\t\t<div class=\"elementor-widget-wrap elementor-element-populated\">\n\t\t\t\t\t\t<div class=\"elementor-element elementor-element-4050a692 elementor-widget elementor-widget-heading\" data-id=\"4050a692\" data-element_type=\"widget\" data-e-type=\"widget\" data-widget_type=\"heading.default\">\n\t\t\t\t<div class=\"elementor-widget-container\">\n\t\t\t\t\t<h2 class=\"elementor-heading-title elementor-size-default\">Impressum<\/h2>\t\t\t\t<\/div>\n\t\t\t\t<\/div>\n\t\t\t\t<div class=\"elementor-element elementor-element-58d14d8c elementor-widget elementor-widget-text-editor\" data-id=\"58d14d8c\" data-element_type=\"widget\" data-e-type=\"widget\" data-widget_type=\"text-editor.default\">\n\t\t\t\t<div class=\"elementor-widget-container\">\n\t\t\t\t\t\t\t\t\t<p><strong>Verantwortlich f\u00fcr den Inhalt der Seiten:\u00a0<\/strong><\/p><p>Meldestelle f\u00fcr Gl\u00fccksmomente Zentralschweiz\u00a0<\/p><p><strong>Betreiberin:<\/strong><\/p><p>Isabel Portmann, Luzern<span style=\"font-size: 16px;\">\u00a0<\/span><\/p><p><strong>Technische Entwicklung:\u00a0<\/strong><\/p><p>Isabel Portmann, Luzern, <a href=\"http:\/\/www.ressourcen-gaertnerin.ch\" target=\"_blank\" rel=\"noopener\">www.ressourcen-gaertnerin.ch<\/a>\u00a0<\/p><p><strong>Gestaltung:\u00a0<\/strong><\/p><p>Isabel Portmann, Luzern\u00a0<\/p><p><strong>Fotos:\u00a0<\/strong><\/p><p>Isabel Portmann sowie eingesandte Fotos mit Genemigung der Eigent\u00fcmer*innen\u00a0<\/p><p>\u00a0<\/p><p>Einer Nutzung der im Impressum ver\u00f6ffentlichten Kontaktdaten durch Dritte zu Werbezwecken wird hiermit ausdr\u00fccklich widersprochen. Die Betreiberin der Website beh\u00e4lt sich f\u00fcr den Fall unverlangt zugesandter Werbe- oder Informationsmaterialien ausdr\u00fccklich rechtliche Schritte vor.<\/p>\t\t\t\t\t\t\t\t<\/div>\n\t\t\t\t<\/div>\n\t\t\t\t\t<\/div>\n\t\t<\/div>\n\t\t\t\t\t<\/div>\n\t\t<\/section>\n\t\t\t\t<\/div>\n\t\t","protected":false},"excerpt":{"rendered":"<p>Impressum Verantwortlich f\u00fcr den Inhalt der Seiten:\u00a0 Meldestelle f\u00fcr Gl\u00fccksmomente Zentralschweiz\u00a0 Betreiberin: Isabel Portmann, Luzern\u00a0 Technische Entwicklung:\u00a0 Isabel Portmann, Luzern, www.ressourcen-gaertnerin.ch\u00a0 Gestaltung:\u00a0 Isabel Portmann, Luzern\u00a0 Fotos:\u00a0 Isabel Portmann sowie eingesandte Fotos mit Genemigung der Eigent\u00fcmer*innen\u00a0 \u00a0 Einer Nutzung der im Impressum ver\u00f6ffentlichten Kontaktdaten durch Dritte zu Werbezwecken wird hiermit ausdr\u00fccklich widersprochen. Die Betreiberin der Website [&hellip;]<\/p>\n","protected":false},"author":1,"featured_media":0,"parent":0,"menu_order":0,"comment_status":"closed","ping_status":"closed","template":"elementor_canvas","meta":{"_uag_custom_page_level_css":"","site-sidebar-layout":"no-sidebar","site-content-layout":"page-builder","ast-site-content-layout":"default","site-content-style":"default","site-sidebar-style":"default","ast-global-header-display":"","ast-banner-title-visibility":"","ast-main-header-display":"","ast-hfb-above-header-display":"","ast-hfb-below-header-display":"","ast-hfb-mobile-header-display":"","site-post-title":"disabled","ast-breadcrumbs-content":"","ast-featured-img":"disabled","footer-sml-layout":"","ast-disable-related-posts":"","theme-transparent-header-meta":"default","adv-header-id-meta":"","stick-header-meta":"","header-above-stick-meta":"","header-main-stick-meta":"","header-below-stick-meta":"","astra-migrate-meta-layouts":"default","ast-page-background-enabled":"default","ast-page-background-meta":{"desktop":{"background-color":"var(--ast-global-color-4)","background-image":"","background-repeat":"repeat","background-position":"center center","background-size":"auto","background-attachment":"scroll","background-type":"","background-media":"","overlay-type":"","overlay-color":"","overlay-opacity":"","overlay-gradient":""},"tablet":{"background-color":"","background-image":"","background-repeat":"repeat","background-position":"center center","background-size":"auto","background-attachment":"scroll","background-type":"","background-media":"","overlay-type":"","overlay-color":"","overlay-opacity":"","overlay-gradient":""},"mobile":{"background-color":"","background-image":"","background-repeat":"repeat","background-position":"center center","background-size":"auto","background-attachment":"scroll","background-type":"","background-media":"","overlay-type":"","overlay-color":"","overlay-opacity":"","overlay-gradient":""}},"ast-content-background-meta":{"desktop":{"background-color":"var(--ast-global-color-5)","background-image":"","background-repeat":"repeat","background-position":"center center","background-size":"auto","background-attachment":"scroll","background-type":"","background-media":"","overlay-type":"","overlay-color":"","overlay-opacity":"","overlay-gradient":""},"tablet":{"background-color":"var(--ast-global-color-5)","background-image":"","background-repeat":"repeat","background-position":"center center","background-size":"auto","background-attachment":"scroll","background-type":"","background-media":"","overlay-type":"","overlay-color":"","overlay-opacity":"","overlay-gradient":""},"mobile":{"background-color":"var(--ast-global-color-5)","background-image":"","background-repeat":"repeat","background-position":"center center","background-size":"auto","background-attachment":"scroll","background-type":"","background-media":"","overlay-type":"","overlay-color":"","overlay-opacity":"","overlay-gradient":""}},"footnotes":""},"class_list":["post-2223","page","type-page","status-publish","hentry"],"yoast_head":"<!-- This site is optimized with the Yoast SEO plugin v27.1.1 - https:\/\/yoast.com\/product\/yoast-seo-wordpress\/ -->\n<title>Meldestelle f\u00fcr Gl\u00fccksmomente Zentralschweiz | Impressum<\/title>\n<meta name=\"robots\" content=\"noindex, nofollow\" \/>\n<meta property=\"og:locale\" content=\"de_DE\" \/>\n<meta property=\"og:type\" content=\"article\" \/>\n<meta property=\"og:title\" content=\"Meldestelle f\u00fcr Gl\u00fccksmomente Zentralschweiz | Impressum\" \/>\n<meta property=\"og:description\" content=\"Impressum Verantwortlich f\u00fcr den Inhalt der Seiten:\u00a0 Meldestelle f\u00fcr Gl\u00fccksmomente Zentralschweiz\u00a0 Betreiberin: Isabel Portmann, Luzern\u00a0 Technische Entwicklung:\u00a0 Isabel Portmann, Luzern, www.ressourcen-gaertnerin.ch\u00a0 Gestaltung:\u00a0 Isabel Portmann, Luzern\u00a0 Fotos:\u00a0 Isabel Portmann sowie eingesandte Fotos mit Genemigung der Eigent\u00fcmer*innen\u00a0 \u00a0 Einer Nutzung der im Impressum ver\u00f6ffentlichten Kontaktdaten durch Dritte zu Werbezwecken wird hiermit ausdr\u00fccklich widersprochen. Die Betreiberin der Website [&hellip;]\" \/>\n<meta property=\"og:url\" content=\"https:\/\/gluecksmomente-teilen.ch\/?page_id=2223\" \/>\n<meta property=\"og:site_name\" content=\"Meldestelle f\u00fcr Gl\u00fccksmomente Zentralschweiz\" \/>\n<meta property=\"article:modified_time\" content=\"2023-10-16T12:53:23+00:00\" \/>\n<meta property=\"og:image\" content=\"https:\/\/gluecksmomente-teilen.ch\/wp-content\/uploads\/2021\/01\/cropped-noun_Ladybug_801565-1.png\" \/>\n\t<meta property=\"og:image:width\" content=\"689\" \/>\n\t<meta property=\"og:image:height\" content=\"594\" \/>\n\t<meta property=\"og:image:type\" content=\"image\/png\" \/>\n<meta name=\"twitter:card\" content=\"summary_large_image\" \/>\n<meta name=\"twitter:label1\" content=\"Gesch\u00e4tzte Lesezeit\" \/>\n\t<meta name=\"twitter:data1\" content=\"1\u00a0Minute\" \/>\n<script type=\"application\/ld+json\" class=\"yoast-schema-graph\">{\"@context\":\"https:\/\/schema.org\",\"@graph\":[{\"@type\":\"WebPage\",\"@id\":\"https:\/\/gluecksmomente-teilen.ch\/?page_id=2223\",\"url\":\"https:\/\/gluecksmomente-teilen.ch\/?page_id=2223\",\"name\":\"Meldestelle f\u00fcr Gl\u00fccksmomente Zentralschweiz | Impressum\",\"isPartOf\":{\"@id\":\"https:\/\/gluecksmomente-teilen.ch\/#website\"},\"datePublished\":\"2021-02-07T17:11:45+00:00\",\"dateModified\":\"2023-10-16T12:53:23+00:00\",\"breadcrumb\":{\"@id\":\"https:\/\/gluecksmomente-teilen.ch\/?page_id=2223#breadcrumb\"},\"inLanguage\":\"de\",\"potentialAction\":[{\"@type\":\"ReadAction\",\"target\":[\"https:\/\/gluecksmomente-teilen.ch\/?page_id=2223\"]}]},{\"@type\":\"BreadcrumbList\",\"@id\":\"https:\/\/gluecksmomente-teilen.ch\/?page_id=2223#breadcrumb\",\"itemListElement\":[{\"@type\":\"ListItem\",\"position\":1,\"name\":\"Startseite\",\"item\":\"https:\/\/gluecksmomente-teilen.ch\/\"},{\"@type\":\"ListItem\",\"position\":2,\"name\":\"Impressum\"}]},{\"@type\":\"WebSite\",\"@id\":\"https:\/\/gluecksmomente-teilen.ch\/#website\",\"url\":\"https:\/\/gluecksmomente-teilen.ch\/\",\"name\":\"Meldestelle f\u00fcr Gl\u00fccksmomente Zentralschweiz\",\"description\":\"Gl\u00fccksmomente teilen\",\"publisher\":{\"@id\":\"https:\/\/gluecksmomente-teilen.ch\/#organization\"},\"potentialAction\":[{\"@type\":\"SearchAction\",\"target\":{\"@type\":\"EntryPoint\",\"urlTemplate\":\"https:\/\/gluecksmomente-teilen.ch\/?s={search_term_string}\"},\"query-input\":{\"@type\":\"PropertyValueSpecification\",\"valueRequired\":true,\"valueName\":\"search_term_string\"}}],\"inLanguage\":\"de\"},{\"@type\":\"Organization\",\"@id\":\"https:\/\/gluecksmomente-teilen.ch\/#organization\",\"name\":\"Meldestelle f\u00fcr Gl\u00fccksmomente Zentralschweiz\",\"url\":\"https:\/\/gluecksmomente-teilen.ch\/\",\"logo\":{\"@type\":\"ImageObject\",\"inLanguage\":\"de\",\"@id\":\"https:\/\/gluecksmomente-teilen.ch\/#\/schema\/logo\/image\/\",\"url\":\"https:\/\/gluecksmomente-teilen.ch\/wp-content\/uploads\/2021\/02\/noun_Ladybug_801565-1.png\",\"contentUrl\":\"https:\/\/gluecksmomente-teilen.ch\/wp-content\/uploads\/2021\/02\/noun_Ladybug_801565-1.png\",\"width\":689,\"height\":594,\"caption\":\"Meldestelle f\u00fcr Gl\u00fccksmomente Zentralschweiz\"},\"image\":{\"@id\":\"https:\/\/gluecksmomente-teilen.ch\/#\/schema\/logo\/image\/\"},\"sameAs\":[\"https:\/\/www.instagram.com\/gluecksmomente_meldestelle\"]}]}<\/script>\n<!-- \/ Yoast SEO plugin. -->","yoast_head_json":{"title":"Meldestelle f\u00fcr Gl\u00fccksmomente Zentralschweiz | Impressum","robots":{"index":"noindex","follow":"nofollow"},"og_locale":"de_DE","og_type":"article","og_title":"Meldestelle f\u00fcr Gl\u00fccksmomente Zentralschweiz | Impressum","og_description":"Impressum Verantwortlich f\u00fcr den Inhalt der Seiten:\u00a0 Meldestelle f\u00fcr Gl\u00fccksmomente Zentralschweiz\u00a0 Betreiberin: Isabel Portmann, Luzern\u00a0 Technische Entwicklung:\u00a0 Isabel Portmann, Luzern, www.ressourcen-gaertnerin.ch\u00a0 Gestaltung:\u00a0 Isabel Portmann, Luzern\u00a0 Fotos:\u00a0 Isabel Portmann sowie eingesandte Fotos mit Genemigung der Eigent\u00fcmer*innen\u00a0 \u00a0 Einer Nutzung der im Impressum ver\u00f6ffentlichten Kontaktdaten durch Dritte zu Werbezwecken wird hiermit ausdr\u00fccklich widersprochen. Die Betreiberin der Website [&hellip;]","og_url":"https:\/\/gluecksmomente-teilen.ch\/?page_id=2223","og_site_name":"Meldestelle f\u00fcr Gl\u00fccksmomente Zentralschweiz","article_modified_time":"2023-10-16T12:53:23+00:00","og_image":[{"width":689,"height":594,"url":"https:\/\/gluecksmomente-teilen.ch\/wp-content\/uploads\/2021\/01\/cropped-noun_Ladybug_801565-1.png","type":"image\/png"}],"twitter_card":"summary_large_image","twitter_misc":{"Gesch\u00e4tzte Lesezeit":"1\u00a0Minute"},"schema":{"@context":"https:\/\/schema.org","@graph":[{"@type":"WebPage","@id":"https:\/\/gluecksmomente-teilen.ch\/?page_id=2223","url":"https:\/\/gluecksmomente-teilen.ch\/?page_id=2223","name":"Meldestelle f\u00fcr Gl\u00fccksmomente Zentralschweiz | Impressum","isPartOf":{"@id":"https:\/\/gluecksmomente-teilen.ch\/#website"},"datePublished":"2021-02-07T17:11:45+00:00","dateModified":"2023-10-16T12:53:23+00:00","breadcrumb":{"@id":"https:\/\/gluecksmomente-teilen.ch\/?page_id=2223#breadcrumb"},"inLanguage":"de","potentialAction":[{"@type":"ReadAction","target":["https:\/\/gluecksmomente-teilen.ch\/?page_id=2223"]}]},{"@type":"BreadcrumbList","@id":"https:\/\/gluecksmomente-teilen.ch\/?page_id=2223#breadcrumb","itemListElement":[{"@type":"ListItem","position":1,"name":"Startseite","item":"https:\/\/gluecksmomente-teilen.ch\/"},{"@type":"ListItem","position":2,"name":"Impressum"}]},{"@type":"WebSite","@id":"https:\/\/gluecksmomente-teilen.ch\/#website","url":"https:\/\/gluecksmomente-teilen.ch\/","name":"Meldestelle f\u00fcr Gl\u00fccksmomente Zentralschweiz","description":"Gl\u00fccksmomente teilen","publisher":{"@id":"https:\/\/gluecksmomente-teilen.ch\/#organization"},"potentialAction":[{"@type":"SearchAction","target":{"@type":"EntryPoint","urlTemplate":"https:\/\/gluecksmomente-teilen.ch\/?s={search_term_string}"},"query-input":{"@type":"PropertyValueSpecification","valueRequired":true,"valueName":"search_term_string"}}],"inLanguage":"de"},{"@type":"Organization","@id":"https:\/\/gluecksmomente-teilen.ch\/#organization","name":"Meldestelle f\u00fcr Gl\u00fccksmomente Zentralschweiz","url":"https:\/\/gluecksmomente-teilen.ch\/","logo":{"@type":"ImageObject","inLanguage":"de","@id":"https:\/\/gluecksmomente-teilen.ch\/#\/schema\/logo\/image\/","url":"https:\/\/gluecksmomente-teilen.ch\/wp-content\/uploads\/2021\/02\/noun_Ladybug_801565-1.png","contentUrl":"https:\/\/gluecksmomente-teilen.ch\/wp-content\/uploads\/2021\/02\/noun_Ladybug_801565-1.png","width":689,"height":594,"caption":"Meldestelle f\u00fcr Gl\u00fccksmomente Zentralschweiz"},"image":{"@id":"https:\/\/gluecksmomente-teilen.ch\/#\/schema\/logo\/image\/"},"sameAs":["https:\/\/www.instagram.com\/gluecksmomente_meldestelle"]}]}},"uagb_featured_image_src":{"full":false,"thumbnail":false,"medium":false,"medium_large":false,"large":false,"1536x1536":false,"2048x2048":false},"uagb_author_info":{"display_name":"admin","author_link":"https:\/\/gluecksmomente-teilen.ch\/?author=1"},"uagb_comment_info":0,"uagb_excerpt":"Impressum Verantwortlich f\u00fcr den Inhalt der Seiten:\u00a0 Meldestelle f\u00fcr Gl\u00fccksmomente Zentralschweiz\u00a0 Betreiberin: Isabel Portmann, Luzern\u00a0 Technische Entwicklung:\u00a0 Isabel Portmann, Luzern, www.ressourcen-gaertnerin.ch\u00a0 Gestaltung:\u00a0 Isabel Portmann, Luzern\u00a0 Fotos:\u00a0 Isabel Portmann sowie eingesandte Fotos mit Genemigung der Eigent\u00fcmer*innen\u00a0 \u00a0 Einer Nutzung der im Impressum ver\u00f6ffentlichten Kontaktdaten durch Dritte zu Werbezwecken wird hiermit ausdr\u00fccklich widersprochen. Die Betreiberin der Website&hellip;","_links":{"self":[{"href":"https:\/\/gluecksmomente-teilen.ch\/index.php?rest_route=\/wp\/v2\/pages\/2223","targetHints":{"allow":["GET"]}}],"collection":[{"href":"https:\/\/gluecksmomente-teilen.ch\/index.php?rest_route=\/wp\/v2\/pages"}],"about":[{"href":"https:\/\/gluecksmomente-teilen.ch\/index.php?rest_route=\/wp\/v2\/types\/page"}],"author":[{"embeddable":true,"href":"https:\/\/gluecksmomente-teilen.ch\/index.php?rest_route=\/wp\/v2\/users\/1"}],"replies":[{"embeddable":true,"href":"https:\/\/gluecksmomente-teilen.ch\/index.php?rest_route=%2Fwp%2Fv2%2Fcomments&post=2223"}],"version-history":[{"count":0,"href":"https:\/\/gluecksmomente-teilen.ch\/index.php?rest_route=\/wp\/v2\/pages\/2223\/revisions"}],"wp:attachment":[{"href":"https:\/\/gluecksmomente-teilen.ch\/index.php?rest_route=%2Fwp%2Fv2%2Fmedia&parent=2223"}],"curies":[{"name":"wp","href":"https:\/\/api.w.org\/{rel}","templated":true}]}}